{"id":2,"date":"2023-03-28T00:58:26","date_gmt":"2023-03-28T00:58:26","guid":{"rendered":"http:\/\/faasvar.dk\/?page_id=2"},"modified":"2024-08-07T19:37:27","modified_gmt":"2024-08-07T17:37:27","slug":"sample-page","status":"publish","type":"page","link":"https:\/\/faasvar.dk\/","title":{"rendered":"Forside"},"content":{"rendered":"\t\t<div data-elementor-type=\"wp-page\" data-elementor-id=\"2\" class=\"elementor elementor-2\">\n\t\t\t\t\t\t\t\t\t<section class=\"elementor-section elementor-top-section elementor-element elementor-element-40bfc0d1 elementor-section-boxed elementor-section-height-default elementor-section-height-default\" data-id=\"40bfc0d1\" data-element_type=\"section\" data-settings=\"{&quot;background_background&quot;:&quot;gradient&quot;}\">\n\t\t\t\t\t\t<div class=\"elementor-container elementor-column-gap-default\">\n\t\t\t\t\t<div class=\"elementor-column elementor-col-100 elementor-top-column elementor-element elementor-element-4bc454e9\" data-id=\"4bc454e9\" data-element_type=\"column\">\n\t\t\t<div class=\"elementor-widget-wrap elementor-element-populated\">\n\t\t\t\t\t\t\t\t<div class=\"elementor-element elementor-element-348a5c65 elementor-widget elementor-widget-text-editor\" data-id=\"348a5c65\" data-element_type=\"widget\" data-widget_type=\"text-editor.default\">\n\t\t\t\t<div class=\"elementor-widget-container\">\n\t\t\t\t\t\t\t<h1 style=\"text-align: center\"><span style=\"color: #000000\">F\u00e5 svar p\u00e5 alt<\/span><\/h1>\t\t\t\t\t\t<\/div>\n\t\t\t\t<\/div>\n\t\t\t\t<div class=\"elementor-element elementor-element-66bc763 elementor-widget elementor-widget-text-editor\" data-id=\"66bc763\" data-element_type=\"widget\" data-widget_type=\"text-editor.default\">\n\t\t\t\t<div class=\"elementor-widget-container\">\n\t\t\t\t\t\t\t<p style=\"text-align: center\"><span style=\"color: #000000\">Parforhold, K\u00e6rlighed, Relationer, Job, \u00d8konomi, eller find ud af dit potentiale.<\/span><\/p><p style=\"text-align: center\">\u00a0<\/p>\t\t\t\t\t\t<\/div>\n\t\t\t\t<\/div>\n\t\t\t\t<div class=\"elementor-element elementor-element-3862e21 elementor-widget elementor-widget-text-editor\" data-id=\"3862e21\" data-element_type=\"widget\" data-widget_type=\"text-editor.default\">\n\t\t\t\t<div class=\"elementor-widget-container\">\n\t\t\t\t\t\t\t<h2 style=\"text-align: center\"><strong style=\"color: #000000;font-family: var( --e-global-typography-text-font-family ), Sans-serif;font-size: var(--global--font-size-base)\">Ingen tidsbestilling n\u00f8dvendigt<\/strong><\/h2><p style=\"text-align: center\"><span style=\"color: #000000\">\u00c5bent 24 timer i d\u00f8gnet \u2013 7 dage om ugen \u2013 ogs\u00e5 l\u00f8rdag og s\u00f8ndag<\/span><\/p><p style=\"text-align: center\"><span style=\"color: #000000\"><strong>Klik og l\u00e6s mere om:<\/strong> <a style=\"color: #000000\" href=\"https:\/\/www.klarsyn24.dk\/clairvoyance\/\">Clairvoyance<\/a> \u2013 <a style=\"color: #000000\" href=\"https:\/\/www.klarsyn24.dk\/tarotkort-englekort\/\">Tarotkort<\/a> \u2013 <a style=\"color: #000000\" href=\"https:\/\/www.klarsyn24.dk\/klarsyn\/\">Klarsyn<\/a> \u2013 <a style=\"color: #000000\" href=\"https:\/\/www.klarsyn24.dk\/afdoedekontakt\/\">Afd\u00f8dekontakt<\/a> \u2013 <a style=\"color: #000000\" href=\"https:\/\/www.klarsyn24.dk\/fjernhealing\/\">Fjernhealing<\/a>.<\/span><\/p><p style=\"text-align: center\"><span style=\"color: #000000\">25 kr. inkl. moms pr. minut<\/span><\/p><p style=\"text-align: center\"><span style=\"color: #000000\">Minimum 15 minutter<\/span><\/p><p style=\"text-align: center\"><span style=\"color: #000000\">100% Tavshedspligt<\/span><\/p><p style=\"text-align: center\">\u00a0<\/p>\t\t\t\t\t\t<\/div>\n\t\t\t\t<\/div>\n\t\t\t\t\t<\/div>\n\t\t<\/div>\n\t\t\t\t\t\t\t<\/div>\n\t\t<\/section>\n\t\t\t\t<section class=\"elementor-section elementor-top-section elementor-element elementor-element-393dead elementor-hidden-mobile elementor-section-boxed elementor-section-height-default elementor-section-height-default\" data-id=\"393dead\" data-element_type=\"section\">\n\t\t\t\t\t\t<div class=\"elementor-container elementor-column-gap-default\">\n\t\t\t\t\t<div class=\"elementor-column elementor-col-100 elementor-top-column elementor-element elementor-element-834ada9\" data-id=\"834ada9\" data-element_type=\"column\">\n\t\t\t<div class=\"elementor-widget-wrap elementor-element-populated\">\n\t\t\t\t\t\t\t\t<div class=\"elementor-element elementor-element-5b7100f elementor-widget elementor-widget-image\" data-id=\"5b7100f\" data-element_type=\"widget\" data-widget_type=\"image.default\">\n\t\t\t\t<div class=\"elementor-widget-container\">\n\t\t\t\t\t\t\t\t\t\t\t\t\t\t\t\t<a href=\"https:\/\/www.klarsyn24.dk\/opret-bruger\/\" opret=\"\">\n\t\t\t\t\t\t\t<img decoding=\"async\" width=\"800\" height=\"300\" src=\"https:\/\/faasvar.dk\/wp-content\/uploads\/2023\/03\/saadan-ringer-du-k24-v2.jpg\" class=\"attachment-full size-full wp-image-114\" alt=\"\" srcset=\"https:\/\/faasvar.dk\/wp-content\/uploads\/2023\/03\/saadan-ringer-du-k24-v2.jpg 800w, https:\/\/faasvar.dk\/wp-content\/uploads\/2023\/03\/saadan-ringer-du-k24-v2-300x113.jpg 300w, https:\/\/faasvar.dk\/wp-content\/uploads\/2023\/03\/saadan-ringer-du-k24-v2-768x288.jpg 768w, https:\/\/faasvar.dk\/wp-content\/uploads\/2023\/03\/elementor\/thumbs\/saadan-ringer-du-k24-v2-q46mkd6gz1um7y6jnu0pjvafp594eb8vvtl0v28o2k.jpg 400w\" sizes=\"(max-width: 800px) 100vw, 800px\" style=\"width:100%;height:37.5%;max-width:800px\" \/>\t\t\t\t\t\t\t\t<\/a>\n\t\t\t\t\t\t\t\t\t\t\t\t\t\t\t<\/div>\n\t\t\t\t<\/div>\n\t\t\t\t\t<\/div>\n\t\t<\/div>\n\t\t\t\t\t\t\t<\/div>\n\t\t<\/section>\n\t\t\t\t<section class=\"elementor-section elementor-top-section elementor-element elementor-element-17e1400 elementor-hidden-desktop elementor-hidden-tablet elementor-section-boxed elementor-section-height-default elementor-section-height-default\" data-id=\"17e1400\" data-element_type=\"section\">\n\t\t\t\t\t\t<div class=\"elementor-container elementor-column-gap-default\">\n\t\t\t\t\t<div class=\"elementor-column elementor-col-100 elementor-top-column elementor-element elementor-element-f6f464f\" data-id=\"f6f464f\" data-element_type=\"column\">\n\t\t\t<div class=\"elementor-widget-wrap elementor-element-populated\">\n\t\t\t\t\t\t\t\t<div class=\"elementor-element elementor-element-578ff50 elementor-widget elementor-widget-image\" data-id=\"578ff50\" data-element_type=\"widget\" data-widget_type=\"image.default\">\n\t\t\t\t<div class=\"elementor-widget-container\">\n\t\t\t\t\t\t\t\t\t\t\t\t\t\t\t\t<a href=\"https:\/\/www.klarsyn24.dk\/opret-bruger\/\" opret=\"\">\n\t\t\t\t\t\t\t<img decoding=\"async\" src=\"https:\/\/faasvar.dk\/wp-content\/uploads\/elementor\/thumbs\/saadan-ringer-du-k24-v2-q46mkd6gz1um7y6jnu0pjvafp594eb8vvtl0v28o2k.jpg\" title=\"saadan-ringer-du-k24-v2\" alt=\"saadan-ringer-du-k24-v2\" loading=\"lazy\" \/>\t\t\t\t\t\t\t\t<\/a>\n\t\t\t\t\t\t\t\t\t\t\t\t\t\t\t<\/div>\n\t\t\t\t<\/div>\n\t\t\t\t\t<\/div>\n\t\t<\/div>\n\t\t\t\t\t\t\t<\/div>\n\t\t<\/section>\n\t\t\t\t<section class=\"elementor-section elementor-top-section elementor-element elementor-element-2d8b9c7 elementor-section-boxed elementor-section-height-default elementor-section-height-default\" data-id=\"2d8b9c7\" data-element_type=\"section\">\n\t\t\t\t\t\t<div class=\"elementor-container elementor-column-gap-default\">\n\t\t\t\t\t<div class=\"elementor-column elementor-col-100 elementor-top-column elementor-element elementor-element-1d557b0\" data-id=\"1d557b0\" data-element_type=\"column\">\n\t\t\t<div class=\"elementor-widget-wrap elementor-element-populated\">\n\t\t\t\t\t\t\t\t<div class=\"elementor-element elementor-element-bfae697 elementor-align-center elementor-widget elementor-widget-button\" data-id=\"bfae697\" data-element_type=\"widget\" data-widget_type=\"button.default\">\n\t\t\t\t<div class=\"elementor-widget-container\">\n\t\t\t\t\t<div class=\"elementor-button-wrapper\">\n\t\t\t<a href=\"https:\/\/www.klarsyn24.dk\/opret-bruger\/\" class=\"elementor-button-link elementor-button elementor-size-md elementor-animation-float\" role=\"button\" id=\"Opret bruger link knap\">\n\t\t\t\t\t\t<span class=\"elementor-button-content-wrapper\">\n\t\t\t\t\t\t<span class=\"elementor-button-text\">Opret bruger her<\/span>\n\t\t<\/span>\n\t\t\t\t\t<\/a>\n\t\t<\/div>\n\t\t\t\t<\/div>\n\t\t\t\t<\/div>\n\t\t\t\t\t<\/div>\n\t\t<\/div>\n\t\t\t\t\t\t\t<\/div>\n\t\t<\/section>\n\t\t\t\t<section class=\"elementor-section elementor-top-section elementor-element elementor-element-a71abc3 elementor-section-boxed elementor-section-height-default elementor-section-height-default\" data-id=\"a71abc3\" data-element_type=\"section\">\n\t\t\t\t\t\t<div class=\"elementor-container elementor-column-gap-default\">\n\t\t\t\t\t<div class=\"elementor-column elementor-col-100 elementor-top-column elementor-element elementor-element-0704a46\" data-id=\"0704a46\" data-element_type=\"column\">\n\t\t\t<div class=\"elementor-widget-wrap elementor-element-populated\">\n\t\t\t\t\t\t\t\t<div class=\"elementor-element elementor-element-454d8ed elementor-widget elementor-widget-text-editor\" data-id=\"454d8ed\" data-element_type=\"widget\" data-widget_type=\"text-editor.default\">\n\t\t\t\t<div class=\"elementor-widget-container\">\n\t\t\t\t\t\t\t<h2 style=\"text-align: center\"><strong><span style=\"color: #000000\">Telefon Clairvoyant R\u00e5dgivning<\/span><\/strong><\/h2>\t\t\t\t\t\t<\/div>\n\t\t\t\t<\/div>\n\t\t\t\t<div class=\"elementor-element elementor-element-5219758 elementor-widget elementor-widget-text-editor\" data-id=\"5219758\" data-element_type=\"widget\" data-widget_type=\"text-editor.default\">\n\t\t\t\t<div class=\"elementor-widget-container\">\n\t\t\t\t\t\t\t<p style=\"text-align: center\"><span style=\"color: #000000\">Konsulenterne p\u00e5 websitet er alle Professionelle Clairvoyante med hver deres speciale. Du kan l\u00e6se mere om den enkelte konsulent ved at klikke p\u00e5 deres billed eller \u201c<em>L\u00e6s mere \u2026<\/em>\u201d knappen, n\u00e5r du skal v\u00e6lge hvem du gerne vil tale med.<\/span><\/p>\t\t\t\t\t\t<\/div>\n\t\t\t\t<\/div>\n\t\t\t\t\t<\/div>\n\t\t<\/div>\n\t\t\t\t\t\t\t<\/div>\n\t\t<\/section>\n\t\t\t\t<section class=\"elementor-section elementor-top-section elementor-element elementor-element-e631d66 elementor-section-boxed elementor-section-height-default elementor-section-height-default\" data-id=\"e631d66\" data-element_type=\"section\">\n\t\t\t\t\t\t<div class=\"elementor-container elementor-column-gap-default\">\n\t\t\t\t\t<div class=\"elementor-column elementor-col-100 elementor-top-column elementor-element elementor-element-190f7b0\" data-id=\"190f7b0\" data-element_type=\"column\">\n\t\t\t<div class=\"elementor-widget-wrap elementor-element-populated\">\n\t\t\t\t\t\t\t\t<div class=\"elementor-element elementor-element-533a792 elementor-align-center elementor-widget elementor-widget-button\" data-id=\"533a792\" data-element_type=\"widget\" data-widget_type=\"button.default\">\n\t\t\t\t<div class=\"elementor-widget-container\">\n\t\t\t\t\t<div class=\"elementor-button-wrapper\">\n\t\t\t<a href=\"https:\/\/www.klarsyn24.dk\" class=\"elementor-button-link elementor-button elementor-size-lg elementor-animation-float\" role=\"button\" id=\"Select Clairvoyant link knap\">\n\t\t\t\t\t\t<span class=\"elementor-button-content-wrapper\">\n\t\t\t\t\t\t\t<span class=\"elementor-button-icon elementor-align-icon-left\">\n\t\t\t\t<i aria-hidden=\"true\" class=\"far fa-comments\"><\/i>\t\t\t<\/span>\n\t\t\t\t\t\t<span class=\"elementor-button-text\">V\u00e6lg din Clairvoyant<\/span>\n\t\t<\/span>\n\t\t\t\t\t<\/a>\n\t\t<\/div>\n\t\t\t\t<\/div>\n\t\t\t\t<\/div>\n\t\t\t\t\t<\/div>\n\t\t<\/div>\n\t\t\t\t\t\t\t<\/div>\n\t\t<\/section>\n\t\t\t\t<section class=\"elementor-section elementor-top-section elementor-element elementor-element-87a6b67 elementor-section-full_width elementor-section-height-default elementor-section-height-default\" data-id=\"87a6b67\" data-element_type=\"section\" data-settings=\"{&quot;background_background&quot;:&quot;classic&quot;}\">\n\t\t\t\t\t\t<div class=\"elementor-container elementor-column-gap-default\">\n\t\t\t\t\t<div class=\"elementor-column elementor-col-100 elementor-top-column elementor-element elementor-element-45894d8\" data-id=\"45894d8\" data-element_type=\"column\">\n\t\t\t<div class=\"elementor-widget-wrap elementor-element-populated\">\n\t\t\t\t\t\t\t\t<div class=\"elementor-element elementor-element-7ab378e elementor-widget elementor-widget-text-editor\" data-id=\"7ab378e\" data-element_type=\"widget\" data-widget_type=\"text-editor.default\">\n\t\t\t\t<div class=\"elementor-widget-container\">\n\t\t\t\t\t\t\t<p style=\"text-align: center\"><span style=\"color: #ffffff\"><strong>Klarsyn24.dk Aps<\/strong>\u00a0\u2022 CVR nr. DK40638318<\/span><\/p><p><span style=\"color: #ffffff\"><strong>Kundeservice:<\/strong> <a style=\"color: #ffffff\" href=\"mailto:info@faasvar.dk\">info@faasvar.dk<\/a><\/span><\/p>\t\t\t\t\t\t<\/div>\n\t\t\t\t<\/div>\n\t\t\t\t\t<\/div>\n\t\t<\/div>\n\t\t\t\t\t\t\t<\/div>\n\t\t<\/section>\n\t\t\t\t\t\t\t<\/div>\n\t\t","protected":false},"excerpt":{"rendered":"<p>F\u00e5 svar p\u00e5 alt Parforhold, K\u00e6rlighed, Relationer, Job, \u00d8konomi, eller find ud af dit potentiale. \u00a0 Ingen tidsbestilling n\u00f8dvendigt \u00c5bent 24 timer i d\u00f8gnet \u2013 7 dage om ugen \u2013 ogs\u00e5 l\u00f8rdag og s\u00f8ndag Klik og l\u00e6s mere om: Clairvoyance \u2013 Tarotkort \u2013 Klarsyn \u2013 Afd\u00f8dekontakt \u2013 Fjernhealing. 25 kr. inkl. moms pr. minut Minimum&hellip; <a class=\"more-link\" href=\"https:\/\/faasvar.dk\/\">L\u00e6s mere <span class=\"screen-reader-text\">Forside<\/span><\/a><\/p>\n","protected":false},"author":1,"featured_media":0,"parent":0,"menu_order":0,"comment_status":"closed","ping_status":"open","template":"elementor_header_footer","meta":{"footnotes":""},"class_list":["post-2","page","type-page","status-publish","hentry","entry"],"yoast_head":"<!-- This site is optimized with the Yoast SEO plugin v20.4 - https:\/\/yoast.com\/wordpress\/plugins\/seo\/ -->\n<title>F\u00e5 Svar \u00bb Telefon Clairvoyant R\u00e5dgivning 24\/7 \u00bb Faasvar.dk<\/title>\n<meta name=\"description\" content=\"F\u00e5 Svar p\u00e5 alt \u00bb Clairvoyant R\u00e5dgivning 24\/7 \u00bb Ring n\u00e5r det passer dig: Parforhold, K\u00e6rlighed, Relationer, Job og \u00d8konomi. Find dit potentiale. Vi tilbyder: Clairvoyance \u2013 Tarotkort \u2013 Klarsyn \u2013 Afd\u00f8dekontakt \u2013 Fjernhealing\" \/>\n<meta name=\"robots\" content=\"index, follow, max-snippet:-1, max-image-preview:large, max-video-preview:-1\" \/>\n<link rel=\"canonical\" href=\"https:\/\/faasvar.dk\/\" \/>\n<meta property=\"og:locale\" content=\"da_DK\" \/>\n<meta property=\"og:type\" content=\"article\" \/>\n<meta property=\"og:title\" content=\"F\u00e5 Svar \u00bb Telefon Clairvoyant R\u00e5dgivning 24\/7 \u00bb Faasvar.dk\" \/>\n<meta property=\"og:description\" content=\"F\u00e5 Svar p\u00e5 alt \u00bb Clairvoyant R\u00e5dgivning 24\/7 \u00bb Ring n\u00e5r det passer dig: Parforhold, K\u00e6rlighed, Relationer, Job og \u00d8konomi. Find dit potentiale. Vi tilbyder: Clairvoyance \u2013 Tarotkort \u2013 Klarsyn \u2013 Afd\u00f8dekontakt \u2013 Fjernhealing\" \/>\n<meta property=\"og:url\" content=\"https:\/\/faasvar.dk\/\" \/>\n<meta property=\"og:site_name\" content=\"Faasvar.dk\" \/>\n<meta property=\"article:modified_time\" content=\"2024-08-07T17:37:27+00:00\" \/>\n<meta property=\"og:image\" content=\"https:\/\/faasvar.dk\/wp-content\/uploads\/2023\/03\/saadan-ringer-du-k24-v2.jpg\" \/>\n<meta name=\"twitter:card\" content=\"summary_large_image\" \/>\n<script type=\"application\/ld+json\" class=\"yoast-schema-graph\">{\"@context\":\"https:\/\/schema.org\",\"@graph\":[{\"@type\":\"WebPage\",\"@id\":\"https:\/\/faasvar.dk\/\",\"url\":\"https:\/\/faasvar.dk\/\",\"name\":\"F\u00e5 Svar \u00bb Telefon Clairvoyant R\u00e5dgivning 24\/7 \u00bb Faasvar.dk\",\"isPartOf\":{\"@id\":\"https:\/\/faasvar.dk\/#website\"},\"datePublished\":\"2023-03-28T00:58:26+00:00\",\"dateModified\":\"2024-08-07T17:37:27+00:00\",\"description\":\"F\u00e5 Svar p\u00e5 alt \u00bb Clairvoyant R\u00e5dgivning 24\/7 \u00bb Ring n\u00e5r det passer dig: Parforhold, K\u00e6rlighed, Relationer, Job og \u00d8konomi. Find dit potentiale. Vi tilbyder: Clairvoyance \u2013 Tarotkort \u2013 Klarsyn \u2013 Afd\u00f8dekontakt \u2013 Fjernhealing\",\"breadcrumb\":{\"@id\":\"https:\/\/faasvar.dk\/#breadcrumb\"},\"inLanguage\":\"da-DK\",\"potentialAction\":[{\"@type\":\"ReadAction\",\"target\":[\"https:\/\/faasvar.dk\/\"]}]},{\"@type\":\"BreadcrumbList\",\"@id\":\"https:\/\/faasvar.dk\/#breadcrumb\",\"itemListElement\":[{\"@type\":\"ListItem\",\"position\":1,\"name\":\"Hjem\",\"item\":\"https:\/\/faasvar.dk\/\"},{\"@type\":\"ListItem\",\"position\":2,\"name\":\"Forside\"}]},{\"@type\":\"WebSite\",\"@id\":\"https:\/\/faasvar.dk\/#website\",\"url\":\"https:\/\/faasvar.dk\/\",\"name\":\"Faasvar.dk\",\"description\":\"\",\"publisher\":{\"@id\":\"https:\/\/faasvar.dk\/#organization\"},\"potentialAction\":[{\"@type\":\"SearchAction\",\"target\":{\"@type\":\"EntryPoint\",\"urlTemplate\":\"https:\/\/faasvar.dk\/?s={search_term_string}\"},\"query-input\":\"required name=search_term_string\"}],\"inLanguage\":\"da-DK\"},{\"@type\":\"Organization\",\"@id\":\"https:\/\/faasvar.dk\/#organization\",\"name\":\"F\u00e5svar.dk\",\"alternateName\":\"Faasvar.dk\",\"url\":\"https:\/\/faasvar.dk\/\",\"logo\":{\"@type\":\"ImageObject\",\"inLanguage\":\"da-DK\",\"@id\":\"https:\/\/faasvar.dk\/#\/schema\/logo\/image\/\",\"url\":\"https:\/\/faasvar.dk\/wp-content\/uploads\/2023\/03\/Faasvar-Logo-white.png\",\"contentUrl\":\"https:\/\/faasvar.dk\/wp-content\/uploads\/2023\/03\/Faasvar-Logo-white.png\",\"width\":529,\"height\":128,\"caption\":\"F\u00e5svar.dk\"},\"image\":{\"@id\":\"https:\/\/faasvar.dk\/#\/schema\/logo\/image\/\"}}]}<\/script>\n<!-- \/ Yoast SEO plugin. -->","yoast_head_json":{"title":"F\u00e5 Svar \u00bb Telefon Clairvoyant R\u00e5dgivning 24\/7 \u00bb Faasvar.dk","description":"F\u00e5 Svar p\u00e5 alt \u00bb Clairvoyant R\u00e5dgivning 24\/7 \u00bb Ring n\u00e5r det passer dig: Parforhold, K\u00e6rlighed, Relationer, Job og \u00d8konomi. Find dit potentiale. Vi tilbyder: Clairvoyance \u2013 Tarotkort \u2013 Klarsyn \u2013 Afd\u00f8dekontakt \u2013 Fjernhealing","robots":{"index":"index","follow":"follow","max-snippet":"max-snippet:-1","max-image-preview":"max-image-preview:large","max-video-preview":"max-video-preview:-1"},"canonical":"https:\/\/faasvar.dk\/","og_locale":"da_DK","og_type":"article","og_title":"F\u00e5 Svar \u00bb Telefon Clairvoyant R\u00e5dgivning 24\/7 \u00bb Faasvar.dk","og_description":"F\u00e5 Svar p\u00e5 alt \u00bb Clairvoyant R\u00e5dgivning 24\/7 \u00bb Ring n\u00e5r det passer dig: Parforhold, K\u00e6rlighed, Relationer, Job og \u00d8konomi. Find dit potentiale. Vi tilbyder: Clairvoyance \u2013 Tarotkort \u2013 Klarsyn \u2013 Afd\u00f8dekontakt \u2013 Fjernhealing","og_url":"https:\/\/faasvar.dk\/","og_site_name":"Faasvar.dk","article_modified_time":"2024-08-07T17:37:27+00:00","og_image":[{"url":"https:\/\/faasvar.dk\/wp-content\/uploads\/2023\/03\/saadan-ringer-du-k24-v2.jpg"}],"twitter_card":"summary_large_image","schema":{"@context":"https:\/\/schema.org","@graph":[{"@type":"WebPage","@id":"https:\/\/faasvar.dk\/","url":"https:\/\/faasvar.dk\/","name":"F\u00e5 Svar \u00bb Telefon Clairvoyant R\u00e5dgivning 24\/7 \u00bb Faasvar.dk","isPartOf":{"@id":"https:\/\/faasvar.dk\/#website"},"datePublished":"2023-03-28T00:58:26+00:00","dateModified":"2024-08-07T17:37:27+00:00","description":"F\u00e5 Svar p\u00e5 alt \u00bb Clairvoyant R\u00e5dgivning 24\/7 \u00bb Ring n\u00e5r det passer dig: Parforhold, K\u00e6rlighed, Relationer, Job og \u00d8konomi. Find dit potentiale. Vi tilbyder: Clairvoyance \u2013 Tarotkort \u2013 Klarsyn \u2013 Afd\u00f8dekontakt \u2013 Fjernhealing","breadcrumb":{"@id":"https:\/\/faasvar.dk\/#breadcrumb"},"inLanguage":"da-DK","potentialAction":[{"@type":"ReadAction","target":["https:\/\/faasvar.dk\/"]}]},{"@type":"BreadcrumbList","@id":"https:\/\/faasvar.dk\/#breadcrumb","itemListElement":[{"@type":"ListItem","position":1,"name":"Hjem","item":"https:\/\/faasvar.dk\/"},{"@type":"ListItem","position":2,"name":"Forside"}]},{"@type":"WebSite","@id":"https:\/\/faasvar.dk\/#website","url":"https:\/\/faasvar.dk\/","name":"Faasvar.dk","description":"","publisher":{"@id":"https:\/\/faasvar.dk\/#organization"},"potentialAction":[{"@type":"SearchAction","target":{"@type":"EntryPoint","urlTemplate":"https:\/\/faasvar.dk\/?s={search_term_string}"},"query-input":"required name=search_term_string"}],"inLanguage":"da-DK"},{"@type":"Organization","@id":"https:\/\/faasvar.dk\/#organization","name":"F\u00e5svar.dk","alternateName":"Faasvar.dk","url":"https:\/\/faasvar.dk\/","logo":{"@type":"ImageObject","inLanguage":"da-DK","@id":"https:\/\/faasvar.dk\/#\/schema\/logo\/image\/","url":"https:\/\/faasvar.dk\/wp-content\/uploads\/2023\/03\/Faasvar-Logo-white.png","contentUrl":"https:\/\/faasvar.dk\/wp-content\/uploads\/2023\/03\/Faasvar-Logo-white.png","width":529,"height":128,"caption":"F\u00e5svar.dk"},"image":{"@id":"https:\/\/faasvar.dk\/#\/schema\/logo\/image\/"}}]}},"_links":{"self":[{"href":"https:\/\/faasvar.dk\/index.php\/wp-json\/wp\/v2\/pages\/2","targetHints":{"allow":["GET"]}}],"collection":[{"href":"https:\/\/faasvar.dk\/index.php\/wp-json\/wp\/v2\/pages"}],"about":[{"href":"https:\/\/faasvar.dk\/index.php\/wp-json\/wp\/v2\/types\/page"}],"author":[{"embeddable":true,"href":"https:\/\/faasvar.dk\/index.php\/wp-json\/wp\/v2\/users\/1"}],"replies":[{"embeddable":true,"href":"https:\/\/faasvar.dk\/index.php\/wp-json\/wp\/v2\/comments?post=2"}],"version-history":[{"count":27,"href":"https:\/\/faasvar.dk\/index.php\/wp-json\/wp\/v2\/pages\/2\/revisions"}],"predecessor-version":[{"id":236,"href":"https:\/\/faasvar.dk\/index.php\/wp-json\/wp\/v2\/pages\/2\/revisions\/236"}],"wp:attachment":[{"href":"https:\/\/faasvar.dk\/index.php\/wp-json\/wp\/v2\/media?parent=2"}],"curies":[{"name":"wp","href":"https:\/\/api.w.org\/{rel}","templated":true}]}}